{"id":764,"date":"2019-11-14T10:55:44","date_gmt":"2019-11-14T10:55:44","guid":{"rendered":"https:\/\/www.zpvvo.sk\/?page_id=764"},"modified":"2020-01-31T12:08:41","modified_gmt":"2020-01-31T12:08:41","slug":"awards","status":"publish","type":"page","link":"https:\/\/www.zpvvo.sk\/en\/awards","title":{"rendered":"Awards"},"content":{"rendered":"<p>[et_pb_section fb_built=&#8221;1&#8243; next_background_color=&#8221;#ffffff&#8221; admin_label=&#8221;Header&#8221; _builder_version=&#8221;3.29.3&#8243; use_background_color_gradient=&#8221;on&#8221; background_color_gradient_start=&#8221;#00ffd8&#8243; background_color_gradient_end=&#8221;#0029e2&#8243; background_color_gradient_type=&#8221;radial&#8221; background_color_gradient_direction_radial=&#8221;top right&#8221; background_image=&#8221;https:\/\/www.zpvvo.sk\/wp-content\/uploads\/cyber-security-17.png&#8221; parallax=&#8221;on&#8221; parallax_method=&#8221;off&#8221; height_tablet=&#8221;&#8221; height_phone=&#8221;&#8221; height_last_edited=&#8221;on|phone&#8221; custom_padding=&#8221;4vw||4vw||false|false&#8221; bottom_divider_style=&#8221;asymmetric&#8221; bottom_divider_height=&#8221;127px&#8221; bottom_divider_flip=&#8221;horizontal&#8221; bottom_divider_height_tablet=&#8221;100px&#8221; bottom_divider_height_phone=&#8221;80px&#8221; bottom_divider_height_last_edited=&#8221;on|phone&#8221; locked=&#8221;off&#8221;][et_pb_row _builder_version=&#8221;3.25.1&#8243; z_index=&#8221;1&#8243;][et_pb_column type=&#8221;4_4&#8243; _builder_version=&#8221;3.25.1&#8243;][et_pb_text _builder_version=&#8221;4.0.5&#8243; custom_padding=&#8221;|0px||||&#8221; header_font_size_tablet=&#8221;50px&#8221; header_font_size_phone=&#8221;30px&#8221; header_font_size_last_edited=&#8221;on|phone&#8221; locked=&#8221;off&#8221;]<\/p>\n<h1>Awards Obtained<\/h1>\n<p>[\/et_pb_text][\/et_pb_column][\/et_pb_row][\/et_pb_section][et_pb_section fb_built=&#8221;1&#8243; _builder_version=&#8221;3.29.3&#8243;][et_pb_row _builder_version=&#8221;3.29.3&#8243;][et_pb_column type=&#8221;4_4&#8243; _builder_version=&#8221;3.29.3&#8243;][et_pb_text _builder_version=&#8221;4.2.2&#8243; header_2_text_color=&#8221;#01316a&#8221;]<\/p>\n<h2>Science and Technology Award<\/h2>\n<p>award of the Slovak Republic Ministry of Education, Science, Research and Sport[\/et_pb_text][\/et_pb_column][\/et_pb_row][et_pb_row _builder_version=&#8221;3.29.3&#8243;][et_pb_column type=&#8221;4_4&#8243; _builder_version=&#8221;3.29.3&#8243;][et_pb_text _builder_version=&#8221;4.2.2&#8243; header_2_text_color=&#8221;#01316a&#8221;]<\/p>\n<h2>The Science and Technology Personality<\/h2>\n<p>[\/et_pb_text][et_pb_text _builder_version=&#8221;4.2.2&#8243; text_line_height=&#8221;1.8em&#8221;]<\/p>\n<p>Ing. Jozef S\u00e1raz, VUSAPL, a. s., Nitra (2002)<br \/> Ing. Ladislav Komora, CSc. VUP, a. s., Prievidza (2003)<br \/> Ing. Vladim\u00edra Papajov\u00e1, VUTCH-Chemitex s. r. o., \u017dilina (2004)<br \/> Ing. \u0160tefan Boh\u00e1\u010dek, PhD., VUPC, a. s., Bratislava (2006)<br \/> prom. chemik Bohumil Kotl\u00e1rik,CSc., VUKI, a. s., Bratislava (2007)<br \/> Ing. Franti\u0161ek Koleni\u010d, PhD., PZ, a. s., Bratislava (2008)<br \/> Ing. Peter L\u00ed\u0161ka, VUJE, a. s., Trnava (2009)<br \/> Ing. Alexander Varga, PhD., MicroStep, s. r. o. (2010)<br \/> host. prof. Ing. Peter Fodrek, PhD., PZ, a. s., Bratislava (2011)<br \/> Ing. Jarom\u00edr Jezn\u00fd, PhD., ZTS VVU a. s., Ko\u0161ice (2012)<br \/> prof. Ing. \u013dudov\u00edt Kup\u010da, CSc., VUJE, a. s., Trnava (2013)<br \/> prof. Ing. \u0160tefan Medveck\u00fd, PhD., \u017dilinsk\u00e1 univerzita v\u00a0\u017diline (2013)<br \/> Ing. Rastislav Havrila, PhD., EVPU, a. s., Nov\u00e1 Dubnica (2016)<br \/> Ing. \u013dudmila Balogov\u00e1, VUTCH-CHemitex, s. r. o., \u017dilina (2017)<br \/> Ing. Juraj Gigac, PhD., VUPC, a. s., Bratislava (2018)<br \/> Ing. Marek Franko, PhD., EVP\u00da, a. s., Nov\u00e1 Dubnica (2019)<\/p>\n<p>[\/et_pb_text][\/et_pb_column][\/et_pb_row][et_pb_row _builder_version=&#8221;3.29.3&#8243;][et_pb_column type=&#8221;4_4&#8243; _builder_version=&#8221;3.29.3&#8243;][et_pb_text _builder_version=&#8221;4.2.2&#8243; header_2_text_color=&#8221;#01316a&#8221;]<\/p>\n<h2>The Science and Technology Personality Younger Than 35 Years<\/h2>\n<p>[\/et_pb_text][et_pb_text _builder_version=&#8221;4.2.2&#8243; text_line_height=&#8221;1.8em&#8221;]<\/p>\n<p>Ing. Tom\u00e1\u0161 Kliment, VUJE, a. s., Trnava (2003)<br \/> Ing. Branislav Hatala, VUJE, a. s., Trnava (2004)<br \/> Ing. Rastislav Havrila, PhD.,\u00a0EVP\u00da, a. s., Nov\u00e1 Dubnica (2005)<br \/> Ing. J\u00e1n Molitoris, ZTS VVU, Ko\u0161ice, a.s. (2006)<br \/> Ing. Rastislav Ka\u0161tier, PhD.,\u00a0EVP\u00da, a. s., Nov\u00e1 Dubnica (2007)<br \/> Ing. Martin Hra\u0161ko,\u00a0EVP\u00da, a. s., Nov\u00e1 Dubnica (2008)<br \/> Ing. Branislav Zigmund,\u00a0EVP\u00da, a. s., Nov\u00e1 Dubnica (2009)<br \/> Ing. Radoslav Zajac, PhD., VUJE, a. s.,\u00a0Trnava (2011)<br \/> Ing. Vladim\u00edr Kov\u00e1\u010d, VIPO, a. s., Partiz\u00e1nske (2013)<br \/> Ing. Rastislav Bal\u00e1\u017e, PhD.,\u00a0EVP\u00da, a. s., Nov\u00e1 Dubnica (2016)<br \/> Ing. Zdeno Biel, PhD., EVP\u00da, a. s., Nov\u00e1 Dubnica (2017)<br \/> Ing. Jozef Ilon\u010diak, EVP\u00da, a. s., Nov\u00e1 Dubnica (2018)<br \/> Ing. Mari\u00e1n Mi\u010d\u00fach, PhD.\u00a0EVP\u00da, a. s., Nov\u00e1 Dubnica(2019)<\/p>\n<p>[\/et_pb_text][\/et_pb_column][\/et_pb_row][et_pb_row _builder_version=&#8221;3.29.3&#8243;][et_pb_column type=&#8221;4_4&#8243; _builder_version=&#8221;3.29.3&#8243;][et_pb_text _builder_version=&#8221;4.2.2&#8243; header_2_text_color=&#8221;#01316a&#8221;]<\/p>\n<h2>Lifelong Merits in Science and Technology<\/h2>\n<p>[\/et_pb_text][et_pb_text _builder_version=&#8221;4.2.2&#8243; text_line_height=&#8221;1.8em&#8221;]<\/p>\n<p>Ing. Mari\u00e1n Dugovi\u010d VUJE, a. s., Trnava (2003)<br \/> Doc. Ing. Jozef Kuchta, CSc., EVP\u00da, a. s., Nov\u00e1 Dubnica (2004)<br \/> Ing. \u0160tefan Ka\u010dm\u00e1ry, ZPVVO, Bratislava (2005)<br \/> Ing. Leopold Duchovi\u010d, CSc., VIPO, a. s., Partiz\u00e1nske (2006)<br \/> Ing. Milan Kr\u00e1lik, CSc., VUTCH-Chemitex s. r. o. (2007)<br \/> RNDr. Du\u0161an Budz\u00e1k, VUCHV, a. s., Svit (2007)<br \/> Ing. Igor Chovan, ZPVVO, Bratislava (2008)<br \/> Doc. Ing. Jozef Buday, CSc., EVP\u00da, a. s., Nov\u00e1 Dubnica (2009)<br \/> Ing. Miroslav Kavala, CSc., VUP, a. s., Prievidza (2011)<br \/> Ing. Jozef \u0160est\u00e1k, CSc., VUTCH-Chemitex s. r. o. \u017dilina (2012)<br \/> Ing. M\u00e1ria Fi\u0161erov\u00e1, PhD., VUPC, a. s., Bratislava (2013)<br \/> prof. Ing. Peter Magva\u0161i, CSc.,\u00a0\u017dilinsk\u00e1 univerzita v \u017diline Strojn\u00edcka fakulta\u00a0\u2013\u00a0za celo\u017eivotn\u00e9 z\u00e1sluhy o rozvoj v\u00fdskumu, v\u00fdvoja a technick\u00fdch rie\u0161en\u00ed\u00a0v priemysle SR (2013)<br \/> Dr.h.c., prof., Ing. Jozef \u017div\u010d\u00e1k, PhD., CEIT-Biomedical Engineering s. r. o., Ko\u0161ice (2017)<br \/> Ing. Peter Michl\u00edk, CSc., VUCHV, a. s., Svit (2018)<br \/> Ing. Otto Verbich, PhD., VUKI a. s. (2019)<\/p>\n<p>[\/et_pb_text][\/et_pb_column][\/et_pb_row][et_pb_row _builder_version=&#8221;3.29.3&#8243;][et_pb_column type=&#8221;4_4&#8243; _builder_version=&#8221;3.29.3&#8243;][et_pb_text _builder_version=&#8221;4.2.2&#8243; header_2_text_color=&#8221;#01316a&#8221;]<\/p>\n<h2>The Scientific-Technological Team of the Year<\/h2>\n<p>[\/et_pb_text][et_pb_text _builder_version=&#8221;4.2.2&#8243; text_line_height=&#8221;1.8em&#8221;]<\/p>\n<p>EVP\u00da, a. s. Nov\u00e1 Dubnica (2003)<br \/> ZTS VVU Ko\u0161ice, a. s. (2004, 2008)<br \/> VUJE, a. s. Trnava (2005, 2007)<br \/> PZ, a. s., Bratislava (2006)<br \/> MicroStep s. r. o., Bratislava (2009)<br \/> Kolekt\u00edv \u00faseku v\u00fdskumu a v\u00fdvoja v\u00fdkonovej elektroniky EVP\u00da, a. s.\u00a0(2010)<br \/> VUCHV, a. s.,Svit (2011) (V\u00fdskumn\u00fd \u00fastav chemick\u00fdch vl\u00e1kien, a. s.)<br \/> Kolekt\u00edv \u00faseku v\u00fdskumu a\u00a0v\u00fdvoja \u2013 Sekcia Obnovite\u013en\u00fdch zdrojov energie, EVP\u00da, a. s., Nov\u00e1 Dubnica (2012)<br \/> Kolekt\u00edv projektu pr\u00fadov\u00e9ho zdroja pre nap\u00e1janie magnetov synchrotr\u00f3nu\u00a0EVP\u00da, a. s. (2013)<br \/> T\u00edm pracovn\u00edkov z \u00fatvaru v\u00fdskum a v\u00fdvoj, EVP\u00da, a. s., Nov\u00e1 Dubnica (2016)<br \/> Vedecko-technick\u00fd t\u00edm VUJE, a. s., Trnava pod veden\u00edm Ing. Branislava Hatalu, PhD.\u00a0(2017)<br \/> T\u00edm Ing. Karola Sidora, EVP\u00da, a. s. za v\u00fdskum, v\u00fdvoj a realiz\u00e1ciu statick\u00e9ho v\u00fdkonov\u00e9ho meni\u010da pre elektrifik\u00e1ciu voz\u0148ov n\u00e1kladn\u00e9ho vlaku (2018)<br \/> T\u00edm pracovn\u00edkov z \u00fatvaru v\u00fdskum a\u00a0v\u00fdvoj mechatronick\u00e9 syst\u00e9my, EVP\u00da, a. s., Nov\u00e1 Dubnica\u00a0pod veden\u00edm Ing. Martina Hra\u0161ka, PhD. (2019)<\/p>\n<p>[\/et_pb_text][\/et_pb_column][\/et_pb_row][et_pb_row _builder_version=&#8221;3.29.3&#8243;][et_pb_column type=&#8221;4_4&#8243; _builder_version=&#8221;3.29.3&#8243;][et_pb_text _builder_version=&#8221;4.2.2&#8243; header_2_text_color=&#8221;#01316a&#8221;]<\/p>\n<h2>Science Popularizer<\/h2>\n<p>[\/et_pb_text][et_pb_text _builder_version=&#8221;4.0.11&#8243; text_line_height=&#8221;1.8em&#8221;]<\/p>\n<p>doc. Ing. \u0160tefan \u0160teller, CSc.,\u00a0 V\u00daPC, a.s. Bratislava (2017)<br \/> Doc. Ing. Jozef Ristvej, PhD., \u017dilinsk\u00e1 univerzita v\u00a0\u017diline (2018))<br \/> Ing. Igor Chovan, Zv\u00e4z priemyseln\u00fdch v\u00fdskumn\u00fdch a v\u00fdvojov\u00fdch organiz\u00e1ci\u00ed (2018)<\/p>\n<p>[\/et_pb_text][\/et_pb_column][\/et_pb_row][et_pb_row _builder_version=&#8221;3.29.3&#8243;][et_pb_column type=&#8221;4_4&#8243; _builder_version=&#8221;3.29.3&#8243;][et_pb_text _builder_version=&#8221;4.2.2&#8243; header_2_text_color=&#8221;#01316a&#8221;]<\/p>\n<h2>Innovative Act of the Year<\/h2>\n<p>award of the Slovak Republic Ministry of Economy[\/et_pb_text][\/et_pb_column][\/et_pb_row][et_pb_row _builder_version=&#8221;3.29.3&#8243;][et_pb_column type=&#8221;4_4&#8243; _builder_version=&#8221;3.29.3&#8243;][et_pb_text _builder_version=&#8221;4.2.2&#8243;]<\/p>\n<h3>Product innovation<\/h3>\n<p><strong>2009<\/strong><\/p>\n<p>VUKI, a.s. Bratislava<br \/> za silov\u00e9 a\u00a0sign\u00e1lne bezhalogenov\u00e9 k\u00e1ble LOCA<\/p>\n<p><strong>2010<\/strong><\/p>\n<p>EVP\u00da, a. s., Nov\u00e1 Dubnica \/ \u017dOS Vr\u00fatky, a.s., Vr\u00fatky za s\u00fa\u0165a\u017en\u00fd n\u00e1vrh\u00a0\u201eTrak\u010dn\u00fd vozidlov\u00fd transform\u00e1tor typu T1T-4900-25\/2\u00d71700\u201c<\/p>\n<p><strong>2011<\/strong><\/p>\n<p>V\u00fdskumn\u00fd \u00fastav chemick\u00fdch vl\u00e1kien, a. s., Svit<br \/> za Polypropyl\u00e9nov\u00e9 vl\u00e1kna Kalcifil \u2013 micro\/nano<\/p>\n<p><strong>2012<\/strong><\/p>\n<p>VIPO, a. s.<br \/> Strojn\u00e1 linka \u2013 DUPLEX APEX TRUCK<br \/> za strojn\u00e9 zariadenie umo\u017e\u0148uj\u00face v\u00fdrobu polotovarov pou\u017e\u00edvan\u00fdch pri zhotovovan\u00ed n\u00e1kladn\u00fdch pneumat\u00edk.<\/p>\n<p>PR Krajn\u00e9 s. r. o.,<br \/> V\u00fdskumn\u00fd \u00fastav chemick\u00fdch vl\u00e1kien, a. s. Svit<br \/> Za komplexn\u00fa linku na spracovanie a materi\u00e1lov\u00e9 zhodnocovanie zmie\u0161an\u00fdch textiln\u00fdch odpadov<\/p>\n<p><strong>2013<\/strong><\/p>\n<p>PRV\u00c1 ZV\u00c1RA\u010cSK\u00c1, a. s., Bratislava<br \/> Za Elektr\u00f3novol\u00fa\u010dov\u00fd zv\u00e1rac\u00ed komplex PZ EZ 30JS JUMBO<\/p>\n<p>VUKI, a. s., Bratislava<br \/> Za Nov\u00e9 kon\u0161trukcie k\u00e1blov pre priemyseln\u00e9 aplik\u00e1cie a spo\u013eahliv\u00fd prenos energie a sign\u00e1lov v n\u00e1ro\u010dn\u00fdch prostrediach<\/p>\n<p><strong>2014<\/strong><\/p>\n<p>1. miesto<br \/> VUKI, a. s., Bratislava<br \/> Za Vodouriedite\u013en\u00e9 ekologick\u00e9 impregnanty Wasol na impregn\u00e1ciu vinut\u00ed elektrick\u00fdch strojov za studena<\/p>\n<p><strong>2015<\/strong><\/p>\n<p>2. miesto<br \/> VUKI, a. s., Bratislava<br \/> Za nov\u00e9 impregnanty ur\u010den\u00e9 pre impregn\u00e1ciu vinut\u00ed elektromotorov a transform\u00e1torov.<\/p>\n<p>3. miesto<br \/> KWD, s. r. o.<br \/> Za bansk\u00fd ko\u013eajov\u00fd \u017eeriav ur\u010den\u00fd na manipul\u00e1ciu s \u0165a\u017ek\u00fdmi bremenami.<\/p>\n<p><strong>2016<\/strong><\/p>\n<p>1. miesto<br \/> PRV\u00c1 ZV\u00c1RA\u010cSK\u00c1, a. s.,\u00a0Bratislava<br \/> Za Elektr\u00f3novo l\u00fa\u010dov\u00fd zv\u00e1rac\u00ed komplex \u201ePZ EBW TWIN AUTOMATIC SYSTEM IG\u201c<\/p>\n<p>2. miesto<br \/> EVP\u00da, a. s., Nov\u00e1 Dubnica<br \/> Za Viacsyst\u00e9mov\u00fd meni\u010d pre nap\u00e1janie chladiarensk\u00fdch kontajnerov<\/p>\n<p>3. miesto<br \/> VUKI, a. s., Bratislava<br \/> Za Ekologick\u00fd impregnant NAB\/UV-1K pre kombinovan\u00e9 vytvrdzovanie elektrick\u00fdm pr\u00fadom a UV \u017eiaren\u00edm<\/p>\n<p><strong>2017<\/strong><\/p>\n<p>1. miesto<br \/> Biomedical Engineering, s. r. o., Ko\u0161ice<br \/> Implant\u00e1t na mieru pre spin\u00e1lnu chirurgiu \u2013 n\u00e1hrada medzistavcovej platni\u010dky<\/p>\n<p><strong>2018<\/strong><\/p>\n<p>1. miesto<br \/> PRV\u00c1 ZV\u00c1RA\u010cSK\u00c1 , a. s., Bratislava<br \/> Za Elektr\u00f3novol\u00fa\u010dov\u00fd zv\u00e1rac\u00ed komplex PZ ELZA UNI 2G<\/p>\n<p>3. miesto<br \/> VUKI a. s., Bratislava<br \/> Za Nov\u00e9 ST impregnanty s vy\u0161\u0161ou teplotnou odolnos\u0165ou, kvalitou, v\u00fdrobn\u00fdmi a spracovate\u013esk\u00fdmi parametrami<\/p>\n<p>[\/et_pb_text][et_pb_text _builder_version=&#8221;4.2.2&#8243;]<\/p>\n<h3>Technological innovation<\/h3>\n<p><strong>2007<\/strong><\/p>\n<p>PZ, a.s. Bratislava<br \/> za technol\u00f3giu zv\u00e1rania v\u00fdmenn\u00edkov tepla elektr\u00f3nov\u00fdm l\u00fa\u010dom<\/p>\n<p><strong>2010<\/strong><\/p>\n<p>PRV\u00c1 ZV\u00c1RA\u010cSK\u00c1, a.s., za s\u00fa\u0165a\u017en\u00fd n\u00e1vrh:\u00a0\u201eHigh-tech technol\u00f3gia laserov\u00e9ho zv\u00e1rania absorp\u010dn\u00fdch puzdier na uskladnenie vyhoren\u00e9ho jadrov\u00e9ho paliva\u201c<\/p>\n<p><strong>2014<\/strong><\/p>\n<p>1. miesto<br \/> EVP\u00da, a. s.,\u00a0Nov\u00e1 Dubnica<br \/> Za Technologick\u00fd komplex pre spracovanie zmesov\u00e9ho komun\u00e1lneho odpadu<\/p>\n<p>2. miesto<br \/> V\u00fdskumn\u00fd \u00fastav chemick\u00fdch vl\u00e1kien, a. s., Svit<br \/> Za Laborat\u00f3rnu linku na povrchov\u00fa \u00fapravu plazmou<\/p>\n<p><strong>2015<\/strong><\/p>\n<p>1. miesto<br \/> Matador Industries, a. s., Dubnica nad V\u00e1hom<br \/> Za aplik\u00e1ciu kolaborat\u00edvneho robota.<\/p>\n<p><strong>2016<\/strong><\/p>\n<p>3. miesto<br \/> BIONT, a. s., Bratislava<br \/> Za Produk\u010dn\u00fd ter\u010d ur\u010den\u00fd pre diagnostiku onkologick\u00fdch ochoren\u00ed<\/p>\n<p>[\/et_pb_text][et_pb_text _builder_version=&#8221;4.2.2&#8243;]<\/p>\n<h3>Innovation of services<\/h3>\n<p><strong>2007<\/strong><\/p>\n<p>VUZ-PI Bratislava<br \/> za datab\u00e1zov\u00fd syst\u00e9m \u201eWelder Passport Manager\u201c<\/p>\n<p><strong>2008<\/strong><\/p>\n<p>VUJE, a.s. Trnava<br \/> za simul\u00e1tor pre v\u00fdcvik oper\u00e1torov elektr\u00e1rne EVO<\/p>\n<p><strong>2009<\/strong><\/p>\n<p>SLCP Consulting, s.r.o. \u017dilina<br \/> za simula\u010dn\u00fa hru MILK RUN<\/p>\n<p><strong>2013<\/strong><\/p>\n<p>Slovensk\u00e1 leg\u00e1lna metrol\u00f3gia, n. o., Bansk\u00e1 Bystrica<br \/> Za Slu\u017eby na overovanie a kalibr\u00e1ciu cestn\u00fdch radarov\u00fdch r\u00fdchlomerov<\/p>\n<p><strong>2014<\/strong><\/p>\n<p>2. miesto<br \/> VUJE, a. s., Trnava<br \/> Za \u0160kolenia a v\u00fdcvik pracovn\u00edkov \u00faseku elektro at\u00f3movej elektr\u00e1rne Bohunice na simul\u00e1tore SWING EBO<\/p>\n<p><strong>2015<\/strong><\/p>\n<p>2. miesto<br \/> Slovensk\u00e1 leg\u00e1lna metrol\u00f3gia, n. o., Bansk\u00e1 Bystrica<br \/> Za origin\u00e1lne rie\u0161enie metrologickej kontroly v\u00e1\u017eiacich zariaden\u00ed na b\u00e1ze tabletov s dotykov\u00fdm ovl\u00e1dan\u00edm.<\/p>\n<p>3. miesto<br \/> PRV\u00c1 ZV\u00c1RA\u010cSK\u00c1, a. s., Bratislava<br \/> Za v\u00fdu\u010dbov\u00fd port\u00e1l e-learning, ur\u010den\u00fd je na celo\u017eivotn\u00e9 vzdel\u00e1vanie v profesi\u00e1ch zv\u00e1ra\u010dsk\u00fd in\u017einier, technol\u00f3g a \u0161pecialista.<\/p>\n<p>[\/et_pb_text][et_pb_text _builder_version=&#8221;4.2.2&#8243;]<\/p>\n<h3>International Cooperation<\/h3>\n<p><strong>2009<\/strong><\/p>\n<p>VUJE, a.s. Trnava<br \/> za projekt dlhodobej bezpe\u010dnej prev\u00e1dzky JE Pak\u0161<\/p>\n<p><strong>2012<\/strong><\/p>\n<p>\u017dilinsk\u00e1 univerzita v \u017diline<br \/> Za Mikrofluidick\u00fd \u010dip pre izol\u00e1ciu rakovinov\u00fdch buniek zo vzorky krvi<\/p>\n<p>[\/et_pb_text][et_pb_text _builder_version=&#8221;4.2.2&#8243;]<\/p>\n<h3>Special Award<\/h3>\n<p><strong>2012<\/strong><\/p>\n<p>Product Innovation<br \/> PRV\u00c1 ZV\u00c1RA\u010cSK\u00c1, a. s., Bratislava<br \/> Za Automatizovan\u00fd technologick\u00fd komplex PZ VESSELWELD 2000<\/p>\n<p>[\/et_pb_text][et_pb_text _builder_version=&#8221;4.2.2&#8243;]<\/p>\n<h3>National price for quality<\/h3>\n<p>award by the \u00daNMS SR<\/p>\n<p>2001 \u2013 Slovnaft VURUP, a. s., Bratislava<br \/> 2002 \u2013 Slovnaft VURUP, a. s., Bratislava<br \/> 2006 \u2013 SUTN, Bratislava<br \/> 2007 \u2013 SLM, n. o., Bansk\u00e1 Bystrica<br \/> 2015 \u2013 CEIT Biomedical Engineering, s. r. o.<\/p>\n<p>[\/et_pb_text][\/et_pb_column][\/et_pb_row][\/et_pb_section][et_pb_section fb_built=&#8221;1&#8243; _builder_version=&#8221;3.29.3&#8243;][\/et_pb_section][et_pb_section fb_built=&#8221;1&#8243; admin_label=&#8221;Footer&#8221; _builder_version=&#8221;3.29.3&#8243; use_background_color_gradient=&#8221;on&#8221; background_color_gradient_start=&#8221;#3122b2&#8243; background_color_gradient_end=&#8221;#00ffd8&#8243; background_color_gradient_type=&#8221;radial&#8221; background_color_gradient_direction_radial=&#8221;top right&#8221; background_image=&#8221;https:\/\/www.zpvvo.sk\/wp-content\/uploads\/cyber-security-17.png&#8221; z_index=&#8221;10&#8243; overflow-x=&#8221;visible&#8221; overflow-y=&#8221;visible&#8221; custom_padding=&#8221;||7vw||false|false&#8221; saved_tabs=&#8221;all&#8221; locked=&#8221;off&#8221; global_module=&#8221;1199&#8243;][et_pb_row column_structure=&#8221;2_5,3_5&#8243; make_equal=&#8221;on&#8221; _builder_version=&#8221;3.29.3&#8243; background_color=&#8221;#ffffff&#8221; custom_margin=&#8221;-146px|auto|-2px|auto||&#8221; custom_padding=&#8221;0px||0px||true&#8221; border_radii=&#8221;on|10px|10px|10px|10px&#8221; box_shadow_style=&#8221;preset1&#8243; box_shadow_vertical=&#8221;40px&#8221; box_shadow_blur=&#8221;60px&#8221; box_shadow_spread=&#8221;-8px&#8221; box_shadow_color=&#8221;rgba(10,45,97,0.48)&#8221; locked=&#8221;off&#8221;][et_pb_column type=&#8221;2_5&#8243; _builder_version=&#8221;3.25.3&#8243; custom_padding=&#8221;60px|40px|60px|40px|true|true&#8221;][et_pb_text _builder_version=&#8221;4.0.5&#8243; header_2_font=&#8221;|600|||||||&#8221; header_2_text_color=&#8221;#002c6a&#8221; header_2_font_size=&#8221;40px&#8221; header_2_line_height=&#8221;1.1em&#8221; header_2_font_size_tablet=&#8221;38px&#8221; header_2_font_size_phone=&#8221;26px&#8221; header_2_font_size_last_edited=&#8221;on|desktop&#8221; locked=&#8221;off&#8221;]<\/p>\n<h2>Quick contact<\/h2>\n<p>[\/et_pb_text][et_pb_blurb title=&#8221;+421 02 456 41 451&#8243; use_icon=&#8221;on&#8221; font_icon=&#8221;%%264%%&#8221; icon_color=&#8221;#006ac1&#8243; icon_placement=&#8221;left&#8221; use_icon_font_size=&#8221;on&#8221; icon_font_size=&#8221;24px&#8221; _builder_version=&#8221;3.29.3&#8243; header_font=&#8221;|600|||||||&#8221; header_line_height=&#8221;1.4em&#8221; body_font=&#8221;Overpass|300|||||||&#8221; body_line_height=&#8221;1.8em&#8221; text_orientation=&#8221;center&#8221; link_option_url=&#8221;tel:+4210245641451&#8243; locked=&#8221;off&#8221;][\/et_pb_blurb][et_pb_blurb title=&#8221;+421 905 532 736&#8243; use_icon=&#8221;on&#8221; font_icon=&#8221;%%104%%&#8221; icon_color=&#8221;#006ac1&#8243; icon_placement=&#8221;left&#8221; use_icon_font_size=&#8221;on&#8221; icon_font_size=&#8221;24px&#8221; _builder_version=&#8221;4.2.2&#8243; header_font=&#8221;|600|||||||&#8221; header_line_height=&#8221;1.4em&#8221; body_font=&#8221;Overpass|300|||||||&#8221; body_line_height=&#8221;1.8em&#8221; text_orientation=&#8221;center&#8221; link_option_url=&#8221;tel:+421905532736&#8243; locked=&#8221;off&#8221;][\/et_pb_blurb][et_pb_blurb title=&#8221;zpvvo@zpvvo.sk&#8221; use_icon=&#8221;on&#8221; font_icon=&#8221;%%109%%&#8221; icon_color=&#8221;#006ac1&#8243; icon_placement=&#8221;left&#8221; use_icon_font_size=&#8221;on&#8221; icon_font_size=&#8221;24px&#8221; _builder_version=&#8221;3.29.3&#8243; header_font=&#8221;|600|||||||&#8221; header_line_height=&#8221;1.4em&#8221; body_font=&#8221;Overpass|300|||||||&#8221; body_line_height=&#8221;1.8em&#8221; text_orientation=&#8221;center&#8221; link_option_url=&#8221;mailto:zpvvo@zpvvo.sk&#8221; locked=&#8221;off&#8221;][\/et_pb_blurb][et_pb_blurb title=&#8221;Geologick\u00e1 1, 821 06 Bratislava&#8221; use_icon=&#8221;on&#8221; font_icon=&#8221;%%249%%&#8221; icon_color=&#8221;#006ac1&#8243; icon_placement=&#8221;left&#8221; use_icon_font_size=&#8221;on&#8221; icon_font_size=&#8221;24px&#8221; _builder_version=&#8221;3.29.3&#8243; header_font=&#8221;|600|||||||&#8221; header_line_height=&#8221;1.4em&#8221; body_font=&#8221;Overpass|300|||||||&#8221; body_line_height=&#8221;1.8em&#8221; text_orientation=&#8221;center&#8221; locked=&#8221;off&#8221;][\/et_pb_blurb][\/et_pb_column][et_pb_column type=&#8221;3_5&#8243; _builder_version=&#8221;3.29.3&#8243; use_background_color_gradient=&#8221;on&#8221; background_color_gradient_start=&#8221;#0278d8&#8243; background_color_gradient_end=&#8221;#00c993&#8243; background_color_gradient_type=&#8221;radial&#8221; background_color_gradient_direction_radial=&#8221;top right&#8221; background_image=&#8221;https:\/\/www.zpvvo.sk\/wp-content\/uploads\/cyber-security-010-1.png&#8221; background_size=&#8221;contain&#8221; background_position=&#8221;bottom_left&#8221; transform_translate_linked=&#8221;off&#8221; custom_padding=&#8221;60px|60px|60px|60px|true|true&#8221; custom_padding_tablet=&#8221;80px|||40px&#8221; custom_padding_phone=&#8221;&#8221; custom_padding_last_edited=&#8221;on|desktop&#8221; background_last_edited=&#8221;on|desktop&#8221; background_image_tablet=&#8221;http:\/\/zaib.sandbox.etdevs.com\/divi\/wp-content\/uploads\/sites\/2\/2019\/06\/cyber-security-11.png&#8221; background_enable_image_tablet=&#8221;on&#8221; background_position_tablet=&#8221;top_left&#8221;][et_pb_text _builder_version=&#8221;4.0.5&#8243; header_2_font=&#8221;|600|||||||&#8221; header_2_text_align=&#8221;center&#8221; header_2_text_color=&#8221;#ffffff&#8221; header_2_font_size=&#8221;40px&#8221; header_2_line_height=&#8221;1.1em&#8221; custom_padding=&#8221;|||30px|false|false&#8221; header_2_font_size_tablet=&#8221;38px&#8221; header_2_font_size_phone=&#8221;26px&#8221; header_2_font_size_last_edited=&#8221;on|desktop&#8221; text_text_align=&#8221;center&#8221; locked=&#8221;off&#8221;]<\/p>\n<h2>Contact us<\/h2>\n<p>[\/et_pb_text][et_pb_text _builder_version=&#8221;4.0.5&#8243; text_text_color=&#8221;#0a2d61&#8243; text_line_height=&#8221;1.8em&#8221; text_orientation=&#8221;center&#8221; custom_padding=&#8221;|||30px|false|false&#8221; locked=&#8221;off&#8221;]Are you interested in becoming ARDIO&#8217;s member? Do you have questions concerning research and development projects? Would you like to know how ARDIO can help your organization?[\/et_pb_text][et_pb_button button_url=&#8221;\/kontakty&#8221; button_text=&#8221;Send us a message&#8221; button_alignment=&#8221;center&#8221; _builder_version=&#8221;4.0.5&#8243; custom_button=&#8221;on&#8221; button_text_size=&#8221;16px&#8221; button_text_color=&#8221;#ffffff&#8221; button_bg_use_color_gradient=&#8221;on&#8221; button_bg_color_gradient_start=&#8221;#003070&#8243; button_bg_color_gradient_end=&#8221;#001f4c&#8221; button_bg_color_gradient_type=&#8221;radial&#8221; button_bg_color_gradient_direction=&#8221;140deg&#8221; button_bg_color_gradient_direction_radial=&#8221;top right&#8221; button_border_width=&#8221;0px&#8221; button_border_radius=&#8221;100px&#8221; button_font=&#8221;|600||on|||||&#8221; button_icon=&#8221;%%20%%&#8221; button_icon_color=&#8221;#ffffff&#8221; custom_margin=&#8221;|||30px|false|false&#8221; custom_padding=&#8221;10px|30px|10px|30px|true|true&#8221; box_shadow_style=&#8221;preset3&#8243; box_shadow_vertical=&#8221;0px&#8221; box_shadow_blur=&#8221;0px&#8221; box_shadow_spread=&#8221;-10px&#8221; box_shadow_color=&#8221;rgba(25,114,255,0.4)&#8221; locked=&#8221;off&#8221; box_shadow_color__hover=&#8221;#2585b2&#8243; box_shadow_blur__hover_enabled=&#8221;on&#8221; box_shadow_blur__hover=&#8221;40px&#8221; box_shadow_vertical__hover_enabled=&#8221;on&#8221; box_shadow_vertical__hover=&#8221;10px&#8221;][\/et_pb_button][\/et_pb_column][\/et_pb_row][\/et_pb_section]<\/p>\n","protected":false},"excerpt":{"rendered":"<p>Awards ObtainedScience and Technology Award award of the Slovak Republic Ministry of Education, Science, Research and SportThe Science and Technology PersonalityIng. Jozef S\u00e1raz, VUSAPL, a. s., Nitra (2002) Ing. Ladislav Komora, CSc. VUP, a. s., Prievidza (2003) Ing. Vladim\u00edra Papajov\u00e1, VUTCH-Chemitex s. r. o., \u017dilina (2004) Ing. \u0160tefan Boh\u00e1\u010dek, PhD., VUPC, a. s., Bratislava (2006) [&hellip;]<\/p>\n","protected":false},"author":1,"featured_media":0,"parent":0,"menu_order":0,"comment_status":"closed","ping_status":"closed","template":"","meta":{"_et_pb_use_builder":"on","_et_pb_old_content":"<!-- wp:divi\/placeholder \/-->","_et_gb_content_width":"","footnotes":""},"class_list":["post-764","page","type-page","status-publish","hentry"],"_links":{"self":[{"href":"https:\/\/www.zpvvo.sk\/en\/wp-json\/wp\/v2\/pages\/764","targetHints":{"allow":["GET"]}}],"collection":[{"href":"https:\/\/www.zpvvo.sk\/en\/wp-json\/wp\/v2\/pages"}],"about":[{"href":"https:\/\/www.zpvvo.sk\/en\/wp-json\/wp\/v2\/types\/page"}],"author":[{"embeddable":true,"href":"https:\/\/www.zpvvo.sk\/en\/wp-json\/wp\/v2\/users\/1"}],"replies":[{"embeddable":true,"href":"https:\/\/www.zpvvo.sk\/en\/wp-json\/wp\/v2\/comments?post=764"}],"version-history":[{"count":9,"href":"https:\/\/www.zpvvo.sk\/en\/wp-json\/wp\/v2\/pages\/764\/revisions"}],"predecessor-version":[{"id":1207,"href":"https:\/\/www.zpvvo.sk\/en\/wp-json\/wp\/v2\/pages\/764\/revisions\/1207"}],"wp:attachment":[{"href":"https:\/\/www.zpvvo.sk\/en\/wp-json\/wp\/v2\/media?parent=764"}],"curies":[{"name":"wp","href":"https:\/\/api.w.org\/{rel}","templated":true}]}}