{"id":862,"date":"2019-11-14T11:50:49","date_gmt":"2019-11-14T11:50:49","guid":{"rendered":"https:\/\/www.zpvvo.sk\/?page_id=862"},"modified":"2019-11-15T11:51:00","modified_gmt":"2019-11-15T11:51:00","slug":"nes-nova-dubnica-s-r-o","status":"publish","type":"page","link":"https:\/\/www.zpvvo.sk\/en\/ardios-members\/nes-nova-dubnica-s-r-o","title":{"rendered":"NES Nov\u00e1 Dubnica, s. r. o."},"content":{"rendered":"<p>[et_pb_section fb_built=&#8221;1&#8243; next_background_color=&#8221;#ffffff&#8221; admin_label=&#8221;Header&#8221; _builder_version=&#8221;3.29.3&#8243; use_background_color_gradient=&#8221;on&#8221; background_color_gradient_start=&#8221;#00ffd8&#8243; background_color_gradient_end=&#8221;#0029e2&#8243; background_color_gradient_type=&#8221;radial&#8221; background_color_gradient_direction_radial=&#8221;top right&#8221; background_image=&#8221;https:\/\/www.zpvvo.sk\/wp-content\/uploads\/cyber-security-17.png&#8221; parallax=&#8221;on&#8221; parallax_method=&#8221;off&#8221; height_tablet=&#8221;&#8221; height_phone=&#8221;&#8221; height_last_edited=&#8221;on|phone&#8221; custom_padding=&#8221;4vw||4vw||false|false&#8221; bottom_divider_style=&#8221;asymmetric&#8221; bottom_divider_height=&#8221;127px&#8221; bottom_divider_flip=&#8221;horizontal&#8221; bottom_divider_height_tablet=&#8221;100px&#8221; bottom_divider_height_phone=&#8221;80px&#8221; bottom_divider_height_last_edited=&#8221;on|phone&#8221; locked=&#8221;off&#8221;][et_pb_row _builder_version=&#8221;3.25.1&#8243; z_index=&#8221;1&#8243;][et_pb_column type=&#8221;4_4&#8243; _builder_version=&#8221;3.25.1&#8243;][et_pb_text _builder_version=&#8221;4.0.5&#8243; header_font_size=&#8221;50px&#8221; custom_padding=&#8221;|0px||||&#8221; header_font_size_tablet=&#8221;40px&#8221; header_font_size_phone=&#8221;25px&#8221; header_font_size_last_edited=&#8221;on|phone&#8221; locked=&#8221;off&#8221;]<\/p>\n<h1>NES Nov\u00e1 Dubnica s.r.o.<\/h1>\n<p>[\/et_pb_text][\/et_pb_column][\/et_pb_row][\/et_pb_section][et_pb_section fb_built=&#8221;1&#8243; _builder_version=&#8221;4.0.5&#8243; custom_margin=&#8221;||||false|false&#8221; custom_padding=&#8221;0px||0px||false|false&#8221; saved_tabs=&#8221;all&#8221;][et_pb_row _builder_version=&#8221;4.0.5&#8243; custom_padding=&#8221;0px||0px||false|false&#8221;][et_pb_column type=&#8221;4_4&#8243; _builder_version=&#8221;4.0.5&#8243;][et_pb_button button_url=&#8221;@ET-DC@eyJkeW5hbWljIjp0cnVlLCJjb250ZW50IjoicG9zdF9saW5rX3VybF9wYWdlIiwic2V0dGluZ3MiOnsicG9zdF9pZCI6IjUzIn19@&#8221; button_text=&#8221;Back to the directory of members&#8221; button_alignment=&#8221;right&#8221; _builder_version=&#8221;4.0.5&#8243; _dynamic_attributes=&#8221;button_url&#8221; custom_button=&#8221;on&#8221; button_text_size=&#8221;18px&#8221; button_border_width=&#8221;0px&#8221; button_icon=&#8221;%%41%%&#8221; button_icon_placement=&#8221;left&#8221; button_on_hover=&#8221;off&#8221; button_text_size_tablet=&#8221;17px&#8221; button_text_size_phone=&#8221;14px&#8221; button_text_size_last_edited=&#8221;on|tablet&#8221; button_bg_color__hover_enabled=&#8221;on|hover&#8221;][\/et_pb_button][\/et_pb_column][\/et_pb_row][\/et_pb_section][et_pb_section fb_built=&#8221;1&#8243; _builder_version=&#8221;3.29.3&#8243; saved_tabs=&#8221;all&#8221; global_module=&#8221;921&#8243;][et_pb_row column_structure=&#8221;1_4,3_4&#8243; _builder_version=&#8221;4.0.5&#8243;][et_pb_column type=&#8221;1_4&#8243; _builder_version=&#8221;4.0.5&#8243;][et_pb_image src=&#8221;https:\/\/www.zpvvo.sk\/wp-content\/uploads\/clen-zpvvo-nes.png&#8221; url=&#8221;@ET-DC@eyJkeW5hbWljIjp0cnVlLCJjb250ZW50IjoicG9zdF9saW5rX3VybF9wYWdlIiwic2V0dGluZ3MiOnsicG9zdF9pZCI6IjQyNCJ9fQ==@&#8221; show_bottom_space=&#8221;off&#8221; _builder_version=&#8221;4.0.5&#8243; _dynamic_attributes=&#8221;url&#8221; custom_margin=&#8221;||||false|false&#8221; custom_padding=&#8221;||||false|false&#8221;][\/et_pb_image][\/et_pb_column][et_pb_column type=&#8221;3_4&#8243; _builder_version=&#8221;4.0.5&#8243; border_color_left=&#8221;#2b87da&#8221;][et_pb_text _builder_version=&#8221;4.0.5&#8243; _dynamic_attributes=&#8221;link_option_url&#8221; header_2_text_color=&#8221;#01316a&#8221; header_2_line_height=&#8221;1.2em&#8221; custom_margin=&#8221;||5px||false|false&#8221; link_option_url=&#8221;@ET-DC@eyJkeW5hbWljIjp0cnVlLCJjb250ZW50IjoicG9zdF9saW5rX3VybF9wYWdlIiwic2V0dGluZ3MiOnsicG9zdF9pZCI6IjQyNCJ9fQ==@&#8221; header_2_font_size_tablet=&#8221;22px&#8221; header_2_font_size_phone=&#8221;20px&#8221; header_2_font_size_last_edited=&#8221;on|phone&#8221;]<\/p>\n<h2>NES Nov\u00e1 Dubnica s.r.o.<\/h2>\n<p>[\/et_pb_text][et_pb_blurb title=&#8221;M. Gork\u00e9ho 820\/27, 018 51 Nov\u00e1 Dubnica&#8221; use_icon=&#8221;on&#8221; font_icon=&#8221;%%122%%&#8221; icon_color=&#8221;#2b87da&#8221; icon_placement=&#8221;left&#8221; content_max_width=&#8221;100%&#8221; use_icon_font_size=&#8221;on&#8221; icon_font_size=&#8221;24px&#8221; content_max_width_last_edited=&#8221;off|desktop&#8221; _builder_version=&#8221;4.0.5&#8243; header_font=&#8221;|600|||||||&#8221; header_text_color=&#8221;#666666&#8243; custom_margin=&#8221;||5px||false|false&#8221; custom_padding=&#8221;||||false|false&#8221;][\/et_pb_blurb][et_pb_blurb title=&#8221;www.nes.sk&#8221; use_icon=&#8221;on&#8221; font_icon=&#8221;%%165%%&#8221; icon_color=&#8221;#2b87da&#8221; icon_placement=&#8221;left&#8221; content_max_width=&#8221;100%&#8221; use_icon_font_size=&#8221;on&#8221; icon_font_size=&#8221;24px&#8221; content_max_width_last_edited=&#8221;off|desktop&#8221; _builder_version=&#8221;4.0.5&#8243; header_font=&#8221;|600|||||||&#8221; header_text_color=&#8221;#2b87da&#8221; custom_margin=&#8221;||||false|false&#8221; custom_padding=&#8221;||||false|false&#8221; link_option_url=&#8221;http:\/\/www.nes.sk\/&#8221; link_option_url_new_window=&#8221;on&#8221;][\/et_pb_blurb][\/et_pb_column][\/et_pb_row][\/et_pb_section][et_pb_section fb_built=&#8221;1&#8243; _builder_version=&#8221;4.0.5&#8243;][et_pb_row _builder_version=&#8221;3.29.3&#8243;][et_pb_column type=&#8221;4_4&#8243; _builder_version=&#8221;3.29.3&#8243;][et_pb_text _builder_version=&#8221;4.0.5&#8243;]Since 1992 the firm NES Nov\u00e1 Dubnica s.r.o. has delivered modern energy saving electronic devices for a wide range of industrial applications. Our devices save customers energy and improve the quality of the production process. As the sales representative of various foreign firms, have NES both in-house designed and produced products, as well as, sales of many other quality products produced elsewhere. Engineering activity is mainly oriented on the design and production of complex electrical projects that meet or exceed customer specifications. Service and support of all delivered devices is an integral part of our products. Our quality management system is certified by Bureau Veritas company, NES owns the ISO 9001 quality certificate.[\/et_pb_text][\/et_pb_column][\/et_pb_row][\/et_pb_section][et_pb_section fb_built=&#8221;1&#8243; _builder_version=&#8221;3.29.3&#8243;][\/et_pb_section][et_pb_section fb_built=&#8221;1&#8243; admin_label=&#8221;Footer&#8221; _builder_version=&#8221;3.29.3&#8243; use_background_color_gradient=&#8221;on&#8221; background_color_gradient_start=&#8221;#3122b2&#8243; background_color_gradient_end=&#8221;#00ffd8&#8243; background_color_gradient_type=&#8221;radial&#8221; background_color_gradient_direction_radial=&#8221;top right&#8221; background_image=&#8221;https:\/\/www.zpvvo.sk\/wp-content\/uploads\/cyber-security-17.png&#8221; overflow-x=&#8221;visible&#8221; overflow-y=&#8221;visible&#8221; custom_padding=&#8221;||7vw||false|false&#8221; z_index=&#8221;10&#8243; saved_tabs=&#8221;all&#8221; locked=&#8221;off&#8221;][et_pb_row column_structure=&#8221;2_5,3_5&#8243; make_equal=&#8221;on&#8221; _builder_version=&#8221;3.29.3&#8243; background_color=&#8221;#ffffff&#8221; custom_margin=&#8221;-146px|auto|-2px|auto||&#8221; custom_padding=&#8221;0px||0px||true&#8221; border_radii=&#8221;on|10px|10px|10px|10px&#8221; box_shadow_style=&#8221;preset1&#8243; box_shadow_vertical=&#8221;40px&#8221; box_shadow_blur=&#8221;60px&#8221; box_shadow_spread=&#8221;-8px&#8221; box_shadow_color=&#8221;rgba(10,45,97,0.48)&#8221; locked=&#8221;off&#8221;][et_pb_column type=&#8221;2_5&#8243; _builder_version=&#8221;3.25.3&#8243; custom_padding=&#8221;60px|40px|60px|40px|true|true&#8221;][et_pb_text _builder_version=&#8221;4.0.5&#8243; header_2_font=&#8221;|600|||||||&#8221; header_2_text_color=&#8221;#002c6a&#8221; header_2_font_size=&#8221;40px&#8221; header_2_line_height=&#8221;1.1em&#8221; header_2_font_size_tablet=&#8221;38px&#8221; header_2_font_size_phone=&#8221;26px&#8221; header_2_font_size_last_edited=&#8221;on|desktop&#8221; locked=&#8221;off&#8221;]<\/p>\n<h2>Quick contact<\/h2>\n<p>[\/et_pb_text][et_pb_blurb title=&#8221;+421 02 456 41 451&#8243; use_icon=&#8221;on&#8221; font_icon=&#8221;%%264%%&#8221; icon_color=&#8221;#006ac1&#8243; icon_placement=&#8221;left&#8221; use_icon_font_size=&#8221;on&#8221; icon_font_size=&#8221;24px&#8221; _builder_version=&#8221;3.29.3&#8243; header_font=&#8221;|600|||||||&#8221; header_line_height=&#8221;1.4em&#8221; body_font=&#8221;Overpass|300|||||||&#8221; body_line_height=&#8221;1.8em&#8221; text_orientation=&#8221;center&#8221; link_option_url=&#8221;tel:+4210245641451&#8243; locked=&#8221;off&#8221;][\/et_pb_blurb][et_pb_blurb title=&#8221;+421 905 532 736&#8243; use_icon=&#8221;on&#8221; font_icon=&#8221;%%104%%&#8221; icon_color=&#8221;#006ac1&#8243; icon_placement=&#8221;left&#8221; use_icon_font_size=&#8221;on&#8221; icon_font_size=&#8221;24px&#8221; _builder_version=&#8221;4.0.5&#8243; header_font=&#8221;|600|||||||&#8221; header_line_height=&#8221;1.4em&#8221; body_font=&#8221;Overpass|300|||||||&#8221; body_line_height=&#8221;1.8em&#8221; text_orientation=&#8221;center&#8221; locked=&#8221;off&#8221;][\/et_pb_blurb][et_pb_blurb title=&#8221;zpvvo@zpvvo.sk&#8221; use_icon=&#8221;on&#8221; font_icon=&#8221;%%109%%&#8221; icon_color=&#8221;#006ac1&#8243; icon_placement=&#8221;left&#8221; use_icon_font_size=&#8221;on&#8221; icon_font_size=&#8221;24px&#8221; _builder_version=&#8221;3.29.3&#8243; header_font=&#8221;|600|||||||&#8221; header_line_height=&#8221;1.4em&#8221; body_font=&#8221;Overpass|300|||||||&#8221; body_line_height=&#8221;1.8em&#8221; text_orientation=&#8221;center&#8221; link_option_url=&#8221;mailto:zpvvo@zpvvo.sk&#8221; locked=&#8221;off&#8221;][\/et_pb_blurb][et_pb_blurb title=&#8221;Geologick\u00e1 1, 821 06 Bratislava&#8221; use_icon=&#8221;on&#8221; font_icon=&#8221;%%249%%&#8221; icon_color=&#8221;#006ac1&#8243; icon_placement=&#8221;left&#8221; use_icon_font_size=&#8221;on&#8221; icon_font_size=&#8221;24px&#8221; _builder_version=&#8221;3.29.3&#8243; header_font=&#8221;|600|||||||&#8221; header_line_height=&#8221;1.4em&#8221; body_font=&#8221;Overpass|300|||||||&#8221; body_line_height=&#8221;1.8em&#8221; text_orientation=&#8221;center&#8221; locked=&#8221;off&#8221;][\/et_pb_blurb][\/et_pb_column][et_pb_column type=&#8221;3_5&#8243; _builder_version=&#8221;3.29.3&#8243; use_background_color_gradient=&#8221;on&#8221; background_color_gradient_start=&#8221;#0278d8&#8243; background_color_gradient_end=&#8221;#00c993&#8243; background_color_gradient_type=&#8221;radial&#8221; background_color_gradient_direction_radial=&#8221;top right&#8221; background_image=&#8221;https:\/\/www.zpvvo.sk\/wp-content\/uploads\/cyber-security-010-1.png&#8221; background_size=&#8221;contain&#8221; background_position=&#8221;bottom_left&#8221; transform_translate_linked=&#8221;off&#8221; custom_padding=&#8221;60px|60px|60px|60px|true|true&#8221; custom_padding_tablet=&#8221;80px|||40px&#8221; custom_padding_phone=&#8221;&#8221; custom_padding_last_edited=&#8221;on|desktop&#8221; background_last_edited=&#8221;on|desktop&#8221; background_image_tablet=&#8221;http:\/\/zaib.sandbox.etdevs.com\/divi\/wp-content\/uploads\/sites\/2\/2019\/06\/cyber-security-11.png&#8221; background_enable_image_tablet=&#8221;on&#8221; background_position_tablet=&#8221;top_left&#8221;][et_pb_text _builder_version=&#8221;4.0.5&#8243; header_2_font=&#8221;|600|||||||&#8221; header_2_text_align=&#8221;center&#8221; header_2_text_color=&#8221;#ffffff&#8221; header_2_font_size=&#8221;40px&#8221; header_2_line_height=&#8221;1.1em&#8221; custom_padding=&#8221;|||30px|false|false&#8221; header_2_font_size_tablet=&#8221;38px&#8221; header_2_font_size_phone=&#8221;26px&#8221; header_2_font_size_last_edited=&#8221;on|desktop&#8221; text_text_align=&#8221;center&#8221; locked=&#8221;off&#8221;]<\/p>\n<h2>Contact us<\/h2>\n<p>[\/et_pb_text][et_pb_text _builder_version=&#8221;4.0.5&#8243; text_text_color=&#8221;#0a2d61&#8243; text_line_height=&#8221;1.8em&#8221; text_orientation=&#8221;center&#8221; custom_padding=&#8221;|||30px|false|false&#8221; locked=&#8221;off&#8221;]Are you interested in becoming ARDIO&#8217;s member? Do you have questions concerning research and development projects? Would you like to know how ARDIO can help your organization?[\/et_pb_text][et_pb_button button_url=&#8221;\/kontakty&#8221; button_text=&#8221;Send us a message&#8221; button_alignment=&#8221;center&#8221; _builder_version=&#8221;4.0.5&#8243; custom_button=&#8221;on&#8221; button_text_size=&#8221;16px&#8221; button_text_color=&#8221;#ffffff&#8221; button_bg_use_color_gradient=&#8221;on&#8221; button_bg_color_gradient_start=&#8221;#003070&#8243; button_bg_color_gradient_end=&#8221;#001f4c&#8221; button_bg_color_gradient_type=&#8221;radial&#8221; button_bg_color_gradient_direction=&#8221;140deg&#8221; button_bg_color_gradient_direction_radial=&#8221;top right&#8221; button_border_width=&#8221;0px&#8221; button_border_radius=&#8221;100px&#8221; button_font=&#8221;|600||on|||||&#8221; button_icon=&#8221;%%20%%&#8221; button_icon_color=&#8221;#ffffff&#8221; custom_margin=&#8221;|||30px|false|false&#8221; custom_padding=&#8221;10px|30px|10px|30px|true|true&#8221; box_shadow_style=&#8221;preset3&#8243; box_shadow_vertical=&#8221;0px&#8221; box_shadow_blur=&#8221;0px&#8221; box_shadow_spread=&#8221;-10px&#8221; box_shadow_color=&#8221;rgba(25,114,255,0.4)&#8221; locked=&#8221;off&#8221; box_shadow_color__hover=&#8221;#2585b2&#8243; box_shadow_blur__hover_enabled=&#8221;on&#8221; box_shadow_blur__hover=&#8221;40px&#8221; box_shadow_vertical__hover_enabled=&#8221;on&#8221; box_shadow_vertical__hover=&#8221;10px&#8221;][\/et_pb_button][\/et_pb_column][\/et_pb_row][\/et_pb_section]<\/p>\n","protected":false},"excerpt":{"rendered":"<p>NES Nov\u00e1 Dubnica s.r.o.NES Nov\u00e1 Dubnica s.r.o.Since 1992 the firm NES Nov\u00e1 Dubnica s.r.o. has delivered modern energy saving electronic devices for a wide range of industrial applications. Our devices save customers energy and improve the quality of the production process. As the sales representative of various foreign firms, have NES both in-house designed and [&hellip;]<\/p>\n","protected":false},"author":1,"featured_media":0,"parent":774,"menu_order":11,"comment_status":"closed","ping_status":"closed","template":"","meta":{"_et_pb_use_builder":"on","_et_pb_old_content":"<!-- wp:divi\/placeholder \/-->","_et_gb_content_width":"","footnotes":""},"class_list":["post-862","page","type-page","status-publish","hentry"],"_links":{"self":[{"href":"https:\/\/www.zpvvo.sk\/en\/wp-json\/wp\/v2\/pages\/862","targetHints":{"allow":["GET"]}}],"collection":[{"href":"https:\/\/www.zpvvo.sk\/en\/wp-json\/wp\/v2\/pages"}],"about":[{"href":"https:\/\/www.zpvvo.sk\/en\/wp-json\/wp\/v2\/types\/page"}],"author":[{"embeddable":true,"href":"https:\/\/www.zpvvo.sk\/en\/wp-json\/wp\/v2\/users\/1"}],"replies":[{"embeddable":true,"href":"https:\/\/www.zpvvo.sk\/en\/wp-json\/wp\/v2\/comments?post=862"}],"version-history":[{"count":4,"href":"https:\/\/www.zpvvo.sk\/en\/wp-json\/wp\/v2\/pages\/862\/revisions"}],"predecessor-version":[{"id":936,"href":"https:\/\/www.zpvvo.sk\/en\/wp-json\/wp\/v2\/pages\/862\/revisions\/936"}],"up":[{"embeddable":true,"href":"https:\/\/www.zpvvo.sk\/en\/wp-json\/wp\/v2\/pages\/774"}],"wp:attachment":[{"href":"https:\/\/www.zpvvo.sk\/en\/wp-json\/wp\/v2\/media?parent=862"}],"curies":[{"name":"wp","href":"https:\/\/api.w.org\/{rel}","templated":true}]}}